{"id":3171,"date":"2025-02-04T09:40:03","date_gmt":"2025-02-04T08:40:03","guid":{"rendered":"https:\/\/www.chateau-beaugency.com\/billet-parcours-immersif\/"},"modified":"2025-06-22T14:20:20","modified_gmt":"2025-06-22T12:20:20","slug":"immersive-journey-exhibition","status":"publish","type":"page","link":"https:\/\/www.chateau-beaugency.com\/en\/immersive-journey-exhibition\/","title":{"rendered":"Immersive Journey &#8211; Exhibition"},"content":{"rendered":"","protected":false},"excerpt":{"rendered":"","protected":false},"author":2,"featured_media":0,"parent":0,"menu_order":0,"comment_status":"closed","ping_status":"closed","template":"","meta":{"footnotes":""},"class_list":["post-3171","page","type-page","status-publish","hentry"],"yoast_head":"<!-- This site is optimized with the Yoast SEO plugin v26.2 - https:\/\/yoast.com\/wordpress\/plugins\/seo\/ -->\n<title>Immersive Journey - Exhibition - Ch\u00e2teau de Beaugency<\/title>\n<meta name=\"description\" content=\"Visit Ch\u00e2teau de Beaugency and its immersive exhibitions. Book your tickets online for a unique journey through history, light art and fun investigations.\" \/>\n<meta name=\"robots\" content=\"index, follow, max-snippet:-1, max-image-preview:large, max-video-preview:-1\" \/>\n<link rel=\"canonical\" href=\"https:\/\/www.chateau-beaugency.com\/en\/immersive-journey-exhibition\/\" \/>\n<meta property=\"og:locale\" content=\"en_US\" \/>\n<meta property=\"og:type\" content=\"article\" \/>\n<meta property=\"og:title\" content=\"Immersive Journey - Exhibition - Ch\u00e2teau de Beaugency\" \/>\n<meta property=\"og:description\" content=\"Visit Ch\u00e2teau de Beaugency and its immersive exhibitions. Book your tickets online for a unique journey through history, light art and fun investigations.\" \/>\n<meta property=\"og:url\" content=\"https:\/\/www.chateau-beaugency.com\/en\/immersive-journey-exhibition\/\" \/>\n<meta property=\"og:site_name\" content=\"Ch\u00e2teau de Beaugency\" \/>\n<meta property=\"article:modified_time\" content=\"2025-06-22T12:20:20+00:00\" \/>\n<script type=\"application\/ld+json\" class=\"yoast-schema-graph\">{\"@context\":\"https:\/\/schema.org\",\"@graph\":[{\"@type\":\"WebPage\",\"@id\":\"https:\/\/www.chateau-beaugency.com\/en\/immersive-journey-exhibition\/\",\"url\":\"https:\/\/www.chateau-beaugency.com\/en\/immersive-journey-exhibition\/\",\"name\":\"Immersive Journey - Exhibition - Ch\u00e2teau de Beaugency\",\"isPartOf\":{\"@id\":\"https:\/\/www.chateau-beaugency.com\/en\/#website\"},\"datePublished\":\"2025-02-04T08:40:03+00:00\",\"dateModified\":\"2025-06-22T12:20:20+00:00\",\"description\":\"Visit Ch\u00e2teau de Beaugency and its immersive exhibitions. Book your tickets online for a unique journey through history, light art and fun investigations.\",\"breadcrumb\":{\"@id\":\"https:\/\/www.chateau-beaugency.com\/en\/immersive-journey-exhibition\/#breadcrumb\"},\"inLanguage\":\"en-US\",\"potentialAction\":[{\"@type\":\"ReadAction\",\"target\":[\"https:\/\/www.chateau-beaugency.com\/en\/immersive-journey-exhibition\/\"]}]},{\"@type\":\"BreadcrumbList\",\"@id\":\"https:\/\/www.chateau-beaugency.com\/en\/immersive-journey-exhibition\/#breadcrumb\",\"itemListElement\":[{\"@type\":\"ListItem\",\"position\":1,\"name\":\"Home\",\"item\":\"https:\/\/www.chateau-beaugency.com\/en\/\"},{\"@type\":\"ListItem\",\"position\":2,\"name\":\"Immersive Journey &#8211; Exhibition\"}]},{\"@type\":\"WebSite\",\"@id\":\"https:\/\/www.chateau-beaugency.com\/en\/#website\",\"url\":\"https:\/\/www.chateau-beaugency.com\/en\/\",\"name\":\"Ch\u00e2teau de Beaugency\",\"description\":\"Ch\u00e2teau de Lumi\u00e8res\",\"potentialAction\":[{\"@type\":\"SearchAction\",\"target\":{\"@type\":\"EntryPoint\",\"urlTemplate\":\"https:\/\/www.chateau-beaugency.com\/en\/?s={search_term_string}\"},\"query-input\":{\"@type\":\"PropertyValueSpecification\",\"valueRequired\":true,\"valueName\":\"search_term_string\"}}],\"inLanguage\":\"en-US\"}]}<\/script>\n<!-- \/ Yoast SEO plugin. -->","yoast_head_json":{"title":"Immersive Journey - Exhibition - Ch\u00e2teau de Beaugency","description":"Visit Ch\u00e2teau de Beaugency and its immersive exhibitions. Book your tickets online for a unique journey through history, light art and fun investigations.","robots":{"index":"index","follow":"follow","max-snippet":"max-snippet:-1","max-image-preview":"max-image-preview:large","max-video-preview":"max-video-preview:-1"},"canonical":"https:\/\/www.chateau-beaugency.com\/en\/immersive-journey-exhibition\/","og_locale":"en_US","og_type":"article","og_title":"Immersive Journey - Exhibition - Ch\u00e2teau de Beaugency","og_description":"Visit Ch\u00e2teau de Beaugency and its immersive exhibitions. Book your tickets online for a unique journey through history, light art and fun investigations.","og_url":"https:\/\/www.chateau-beaugency.com\/en\/immersive-journey-exhibition\/","og_site_name":"Ch\u00e2teau de Beaugency","article_modified_time":"2025-06-22T12:20:20+00:00","schema":{"@context":"https:\/\/schema.org","@graph":[{"@type":"WebPage","@id":"https:\/\/www.chateau-beaugency.com\/en\/immersive-journey-exhibition\/","url":"https:\/\/www.chateau-beaugency.com\/en\/immersive-journey-exhibition\/","name":"Immersive Journey - Exhibition - Ch\u00e2teau de Beaugency","isPartOf":{"@id":"https:\/\/www.chateau-beaugency.com\/en\/#website"},"datePublished":"2025-02-04T08:40:03+00:00","dateModified":"2025-06-22T12:20:20+00:00","description":"Visit Ch\u00e2teau de Beaugency and its immersive exhibitions. Book your tickets online for a unique journey through history, light art and fun investigations.","breadcrumb":{"@id":"https:\/\/www.chateau-beaugency.com\/en\/immersive-journey-exhibition\/#breadcrumb"},"inLanguage":"en-US","potentialAction":[{"@type":"ReadAction","target":["https:\/\/www.chateau-beaugency.com\/en\/immersive-journey-exhibition\/"]}]},{"@type":"BreadcrumbList","@id":"https:\/\/www.chateau-beaugency.com\/en\/immersive-journey-exhibition\/#breadcrumb","itemListElement":[{"@type":"ListItem","position":1,"name":"Home","item":"https:\/\/www.chateau-beaugency.com\/en\/"},{"@type":"ListItem","position":2,"name":"Immersive Journey &#8211; Exhibition"}]},{"@type":"WebSite","@id":"https:\/\/www.chateau-beaugency.com\/en\/#website","url":"https:\/\/www.chateau-beaugency.com\/en\/","name":"Ch\u00e2teau de Beaugency","description":"Ch\u00e2teau de Lumi\u00e8res","potentialAction":[{"@type":"SearchAction","target":{"@type":"EntryPoint","urlTemplate":"https:\/\/www.chateau-beaugency.com\/en\/?s={search_term_string}"},"query-input":{"@type":"PropertyValueSpecification","valueRequired":true,"valueName":"search_term_string"}}],"inLanguage":"en-US"}]}},"_links":{"self":[{"href":"https:\/\/www.chateau-beaugency.com\/en\/wp-json\/wp\/v2\/pages\/3171","targetHints":{"allow":["GET"]}}],"collection":[{"href":"https:\/\/www.chateau-beaugency.com\/en\/wp-json\/wp\/v2\/pages"}],"about":[{"href":"https:\/\/www.chateau-beaugency.com\/en\/wp-json\/wp\/v2\/types\/page"}],"author":[{"embeddable":true,"href":"https:\/\/www.chateau-beaugency.com\/en\/wp-json\/wp\/v2\/users\/2"}],"replies":[{"embeddable":true,"href":"https:\/\/www.chateau-beaugency.com\/en\/wp-json\/wp\/v2\/comments?post=3171"}],"version-history":[{"count":16,"href":"https:\/\/www.chateau-beaugency.com\/en\/wp-json\/wp\/v2\/pages\/3171\/revisions"}],"predecessor-version":[{"id":4163,"href":"https:\/\/www.chateau-beaugency.com\/en\/wp-json\/wp\/v2\/pages\/3171\/revisions\/4163"}],"wp:attachment":[{"href":"https:\/\/www.chateau-beaugency.com\/en\/wp-json\/wp\/v2\/media?parent=3171"}],"curies":[{"name":"wp","href":"https:\/\/api.w.org\/{rel}","templated":true}]}}