{"id":3670,"date":"2025-04-14T13:45:26","date_gmt":"2025-04-14T11:45:26","guid":{"rendered":"https:\/\/www.chateau-beaugency.com\/expositions\/"},"modified":"2025-07-22T16:57:32","modified_gmt":"2025-07-22T14:57:32","slug":"visite-exposition","status":"publish","type":"page","link":"https:\/\/www.chateau-beaugency.com\/en\/visite-exposition\/","title":{"rendered":"Exhibition"},"content":{"rendered":"","protected":false},"excerpt":{"rendered":"","protected":false},"author":2,"featured_media":3471,"parent":0,"menu_order":0,"comment_status":"closed","ping_status":"closed","template":"","meta":{"footnotes":""},"class_list":["post-3670","page","type-page","status-publish","has-post-thumbnail","hentry"],"yoast_head":"<!-- This site is optimized with the Yoast SEO plugin v26.2 - https:\/\/yoast.com\/wordpress\/plugins\/seo\/ -->\n<title>Immersive exhibition at Ch\u00e2teau de Lumi\u00e8res - Beaugency<\/title>\n<meta name=\"description\" content=\"Visit the Ch\u00e2teau de Beaugency and its immersive exhibitions. Online tickets for a unique journey through history, luminous art and fun investigations.\" \/>\n<meta name=\"robots\" content=\"index, follow, max-snippet:-1, max-image-preview:large, max-video-preview:-1\" \/>\n<link rel=\"canonical\" href=\"https:\/\/www.chateau-beaugency.com\/en\/visite-exposition\/\" \/>\n<meta property=\"og:locale\" content=\"en_US\" \/>\n<meta property=\"og:type\" content=\"article\" \/>\n<meta property=\"og:title\" content=\"Immersive exhibition at Ch\u00e2teau de Lumi\u00e8res - Beaugency\" \/>\n<meta property=\"og:description\" content=\"Visit the Ch\u00e2teau de Beaugency and its immersive exhibitions. Online tickets for a unique journey through history, luminous art and fun investigations.\" \/>\n<meta property=\"og:url\" content=\"https:\/\/www.chateau-beaugency.com\/en\/visite-exposition\/\" \/>\n<meta property=\"og:site_name\" content=\"Ch\u00e2teau de Beaugency\" \/>\n<meta property=\"article:modified_time\" content=\"2025-07-22T14:57:32+00:00\" \/>\n<meta property=\"og:image\" content=\"https:\/\/www.chateau-beaugency.com\/wp-content\/uploads\/2025\/04\/Sans-titre-1.png\" \/>\n\t<meta property=\"og:image:width\" content=\"2000\" \/>\n\t<meta property=\"og:image:height\" content=\"1334\" \/>\n\t<meta property=\"og:image:type\" content=\"image\/png\" \/>\n<script type=\"application\/ld+json\" class=\"yoast-schema-graph\">{\"@context\":\"https:\/\/schema.org\",\"@graph\":[{\"@type\":\"WebPage\",\"@id\":\"https:\/\/www.chateau-beaugency.com\/en\/visite-exposition\/\",\"url\":\"https:\/\/www.chateau-beaugency.com\/en\/visite-exposition\/\",\"name\":\"Immersive exhibition at Ch\u00e2teau de Lumi\u00e8res - Beaugency\",\"isPartOf\":{\"@id\":\"https:\/\/www.chateau-beaugency.com\/en\/#website\"},\"primaryImageOfPage\":{\"@id\":\"https:\/\/www.chateau-beaugency.com\/en\/visite-exposition\/#primaryimage\"},\"image\":{\"@id\":\"https:\/\/www.chateau-beaugency.com\/en\/visite-exposition\/#primaryimage\"},\"thumbnailUrl\":\"https:\/\/www.chateau-beaugency.com\/wp-content\/uploads\/2025\/04\/Sans-titre-1.png\",\"datePublished\":\"2025-04-14T11:45:26+00:00\",\"dateModified\":\"2025-07-22T14:57:32+00:00\",\"description\":\"Visit the Ch\u00e2teau de Beaugency and its immersive exhibitions. Online tickets for a unique journey through history, luminous art and fun investigations.\",\"breadcrumb\":{\"@id\":\"https:\/\/www.chateau-beaugency.com\/en\/visite-exposition\/#breadcrumb\"},\"inLanguage\":\"en-US\",\"potentialAction\":[{\"@type\":\"ReadAction\",\"target\":[\"https:\/\/www.chateau-beaugency.com\/en\/visite-exposition\/\"]}]},{\"@type\":\"ImageObject\",\"inLanguage\":\"en-US\",\"@id\":\"https:\/\/www.chateau-beaugency.com\/en\/visite-exposition\/#primaryimage\",\"url\":\"https:\/\/www.chateau-beaugency.com\/wp-content\/uploads\/2025\/04\/Sans-titre-1.png\",\"contentUrl\":\"https:\/\/www.chateau-beaugency.com\/wp-content\/uploads\/2025\/04\/Sans-titre-1.png\",\"width\":2000,\"height\":1334},{\"@type\":\"BreadcrumbList\",\"@id\":\"https:\/\/www.chateau-beaugency.com\/en\/visite-exposition\/#breadcrumb\",\"itemListElement\":[{\"@type\":\"ListItem\",\"position\":1,\"name\":\"Home\",\"item\":\"https:\/\/www.chateau-beaugency.com\/en\/\"},{\"@type\":\"ListItem\",\"position\":2,\"name\":\"Exhibition\"}]},{\"@type\":\"WebSite\",\"@id\":\"https:\/\/www.chateau-beaugency.com\/en\/#website\",\"url\":\"https:\/\/www.chateau-beaugency.com\/en\/\",\"name\":\"Ch\u00e2teau de Beaugency\",\"description\":\"Ch\u00e2teau de Lumi\u00e8res\",\"potentialAction\":[{\"@type\":\"SearchAction\",\"target\":{\"@type\":\"EntryPoint\",\"urlTemplate\":\"https:\/\/www.chateau-beaugency.com\/en\/?s={search_term_string}\"},\"query-input\":{\"@type\":\"PropertyValueSpecification\",\"valueRequired\":true,\"valueName\":\"search_term_string\"}}],\"inLanguage\":\"en-US\"}]}<\/script>\n<!-- \/ Yoast SEO plugin. -->","yoast_head_json":{"title":"Immersive exhibition at Ch\u00e2teau de Lumi\u00e8res - Beaugency","description":"Visit the Ch\u00e2teau de Beaugency and its immersive exhibitions. Online tickets for a unique journey through history, luminous art and fun investigations.","robots":{"index":"index","follow":"follow","max-snippet":"max-snippet:-1","max-image-preview":"max-image-preview:large","max-video-preview":"max-video-preview:-1"},"canonical":"https:\/\/www.chateau-beaugency.com\/en\/visite-exposition\/","og_locale":"en_US","og_type":"article","og_title":"Immersive exhibition at Ch\u00e2teau de Lumi\u00e8res - Beaugency","og_description":"Visit the Ch\u00e2teau de Beaugency and its immersive exhibitions. Online tickets for a unique journey through history, luminous art and fun investigations.","og_url":"https:\/\/www.chateau-beaugency.com\/en\/visite-exposition\/","og_site_name":"Ch\u00e2teau de Beaugency","article_modified_time":"2025-07-22T14:57:32+00:00","og_image":[{"width":2000,"height":1334,"url":"https:\/\/www.chateau-beaugency.com\/wp-content\/uploads\/2025\/04\/Sans-titre-1.png","type":"image\/png"}],"schema":{"@context":"https:\/\/schema.org","@graph":[{"@type":"WebPage","@id":"https:\/\/www.chateau-beaugency.com\/en\/visite-exposition\/","url":"https:\/\/www.chateau-beaugency.com\/en\/visite-exposition\/","name":"Immersive exhibition at Ch\u00e2teau de Lumi\u00e8res - Beaugency","isPartOf":{"@id":"https:\/\/www.chateau-beaugency.com\/en\/#website"},"primaryImageOfPage":{"@id":"https:\/\/www.chateau-beaugency.com\/en\/visite-exposition\/#primaryimage"},"image":{"@id":"https:\/\/www.chateau-beaugency.com\/en\/visite-exposition\/#primaryimage"},"thumbnailUrl":"https:\/\/www.chateau-beaugency.com\/wp-content\/uploads\/2025\/04\/Sans-titre-1.png","datePublished":"2025-04-14T11:45:26+00:00","dateModified":"2025-07-22T14:57:32+00:00","description":"Visit the Ch\u00e2teau de Beaugency and its immersive exhibitions. Online tickets for a unique journey through history, luminous art and fun investigations.","breadcrumb":{"@id":"https:\/\/www.chateau-beaugency.com\/en\/visite-exposition\/#breadcrumb"},"inLanguage":"en-US","potentialAction":[{"@type":"ReadAction","target":["https:\/\/www.chateau-beaugency.com\/en\/visite-exposition\/"]}]},{"@type":"ImageObject","inLanguage":"en-US","@id":"https:\/\/www.chateau-beaugency.com\/en\/visite-exposition\/#primaryimage","url":"https:\/\/www.chateau-beaugency.com\/wp-content\/uploads\/2025\/04\/Sans-titre-1.png","contentUrl":"https:\/\/www.chateau-beaugency.com\/wp-content\/uploads\/2025\/04\/Sans-titre-1.png","width":2000,"height":1334},{"@type":"BreadcrumbList","@id":"https:\/\/www.chateau-beaugency.com\/en\/visite-exposition\/#breadcrumb","itemListElement":[{"@type":"ListItem","position":1,"name":"Home","item":"https:\/\/www.chateau-beaugency.com\/en\/"},{"@type":"ListItem","position":2,"name":"Exhibition"}]},{"@type":"WebSite","@id":"https:\/\/www.chateau-beaugency.com\/en\/#website","url":"https:\/\/www.chateau-beaugency.com\/en\/","name":"Ch\u00e2teau de Beaugency","description":"Ch\u00e2teau de Lumi\u00e8res","potentialAction":[{"@type":"SearchAction","target":{"@type":"EntryPoint","urlTemplate":"https:\/\/www.chateau-beaugency.com\/en\/?s={search_term_string}"},"query-input":{"@type":"PropertyValueSpecification","valueRequired":true,"valueName":"search_term_string"}}],"inLanguage":"en-US"}]}},"_links":{"self":[{"href":"https:\/\/www.chateau-beaugency.com\/en\/wp-json\/wp\/v2\/pages\/3670","targetHints":{"allow":["GET"]}}],"collection":[{"href":"https:\/\/www.chateau-beaugency.com\/en\/wp-json\/wp\/v2\/pages"}],"about":[{"href":"https:\/\/www.chateau-beaugency.com\/en\/wp-json\/wp\/v2\/types\/page"}],"author":[{"embeddable":true,"href":"https:\/\/www.chateau-beaugency.com\/en\/wp-json\/wp\/v2\/users\/2"}],"replies":[{"embeddable":true,"href":"https:\/\/www.chateau-beaugency.com\/en\/wp-json\/wp\/v2\/comments?post=3670"}],"version-history":[{"count":15,"href":"https:\/\/www.chateau-beaugency.com\/en\/wp-json\/wp\/v2\/pages\/3670\/revisions"}],"predecessor-version":[{"id":4480,"href":"https:\/\/www.chateau-beaugency.com\/en\/wp-json\/wp\/v2\/pages\/3670\/revisions\/4480"}],"wp:featuredmedia":[{"embeddable":true,"href":"https:\/\/www.chateau-beaugency.com\/en\/wp-json\/wp\/v2\/media\/3471"}],"wp:attachment":[{"href":"https:\/\/www.chateau-beaugency.com\/en\/wp-json\/wp\/v2\/media?parent=3670"}],"curies":[{"name":"wp","href":"https:\/\/api.w.org\/{rel}","templated":true}]}}