{"id":3809,"date":"2025-05-27T09:14:50","date_gmt":"2025-05-27T07:14:50","guid":{"rendered":"https:\/\/www.chateau-beaugency.com\/billet-lumieres-de-loire\/"},"modified":"2025-07-01T14:41:36","modified_gmt":"2025-07-01T12:41:36","slug":"lumieres-de-loire","status":"publish","type":"page","link":"https:\/\/www.chateau-beaugency.com\/en\/lumieres-de-loire\/","title":{"rendered":"Lumi\u00e8res de Loire"},"content":{"rendered":"","protected":false},"excerpt":{"rendered":"","protected":false},"author":2,"featured_media":3805,"parent":0,"menu_order":0,"comment_status":"closed","ping_status":"closed","template":"","meta":{"footnotes":""},"class_list":["post-3809","page","type-page","status-publish","has-post-thumbnail","hentry"],"yoast_head":"<!-- This site is optimized with the Yoast SEO plugin v26.2 - https:\/\/yoast.com\/wordpress\/plugins\/seo\/ -->\n<title>Lumi\u00e8res de Loire - Ch\u00e2teau de Beaugency<\/title>\n<meta name=\"description\" content=\"A night-time show for the whole family: light, digital art and heritage come together at the Ch\u00e2teau de Beaugency.\" \/>\n<meta name=\"robots\" content=\"noindex, nofollow\" \/>\n<meta property=\"og:locale\" content=\"en_US\" \/>\n<meta property=\"og:type\" content=\"article\" \/>\n<meta property=\"og:title\" content=\"Lumi\u00e8res de Loire - Ch\u00e2teau de Beaugency\" \/>\n<meta property=\"og:description\" content=\"A night-time show for the whole family: light, digital art and heritage come together at the Ch\u00e2teau de Beaugency.\" \/>\n<meta property=\"og:url\" content=\"https:\/\/www.chateau-beaugency.com\/en\/lumieres-de-loire\/\" \/>\n<meta property=\"og:site_name\" content=\"Ch\u00e2teau de Beaugency\" \/>\n<meta property=\"article:modified_time\" content=\"2025-07-01T12:41:36+00:00\" \/>\n<meta property=\"og:image\" content=\"https:\/\/www.chateau-beaugency.com\/wp-content\/uploads\/2025\/05\/Chateau-de-Beaugency-47-1-scaled.jpg\" \/>\n\t<meta property=\"og:image:width\" content=\"2560\" \/>\n\t<meta property=\"og:image:height\" content=\"1707\" \/>\n\t<meta property=\"og:image:type\" content=\"image\/jpeg\" \/>\n<script type=\"application\/ld+json\" class=\"yoast-schema-graph\">{\"@context\":\"https:\/\/schema.org\",\"@graph\":[{\"@type\":\"WebPage\",\"@id\":\"https:\/\/www.chateau-beaugency.com\/en\/lumieres-de-loire\/\",\"url\":\"https:\/\/www.chateau-beaugency.com\/en\/lumieres-de-loire\/\",\"name\":\"Lumi\u00e8res de Loire - Ch\u00e2teau de Beaugency\",\"isPartOf\":{\"@id\":\"https:\/\/www.chateau-beaugency.com\/en\/#website\"},\"primaryImageOfPage\":{\"@id\":\"https:\/\/www.chateau-beaugency.com\/en\/lumieres-de-loire\/#primaryimage\"},\"image\":{\"@id\":\"https:\/\/www.chateau-beaugency.com\/en\/lumieres-de-loire\/#primaryimage\"},\"thumbnailUrl\":\"https:\/\/www.chateau-beaugency.com\/wp-content\/uploads\/2025\/05\/Chateau-de-Beaugency-47-1-scaled.jpg\",\"datePublished\":\"2025-05-27T07:14:50+00:00\",\"dateModified\":\"2025-07-01T12:41:36+00:00\",\"description\":\"A night-time show for the whole family: light, digital art and heritage come together at the Ch\u00e2teau de Beaugency.\",\"breadcrumb\":{\"@id\":\"https:\/\/www.chateau-beaugency.com\/en\/lumieres-de-loire\/#breadcrumb\"},\"inLanguage\":\"en-US\",\"potentialAction\":[{\"@type\":\"ReadAction\",\"target\":[\"https:\/\/www.chateau-beaugency.com\/en\/lumieres-de-loire\/\"]}]},{\"@type\":\"ImageObject\",\"inLanguage\":\"en-US\",\"@id\":\"https:\/\/www.chateau-beaugency.com\/en\/lumieres-de-loire\/#primaryimage\",\"url\":\"https:\/\/www.chateau-beaugency.com\/wp-content\/uploads\/2025\/05\/Chateau-de-Beaugency-47-1-scaled.jpg\",\"contentUrl\":\"https:\/\/www.chateau-beaugency.com\/wp-content\/uploads\/2025\/05\/Chateau-de-Beaugency-47-1-scaled.jpg\",\"width\":2560,\"height\":1707},{\"@type\":\"BreadcrumbList\",\"@id\":\"https:\/\/www.chateau-beaugency.com\/en\/lumieres-de-loire\/#breadcrumb\",\"itemListElement\":[{\"@type\":\"ListItem\",\"position\":1,\"name\":\"Home\",\"item\":\"https:\/\/www.chateau-beaugency.com\/en\/\"},{\"@type\":\"ListItem\",\"position\":2,\"name\":\"Lumi\u00e8res de Loire\"}]},{\"@type\":\"WebSite\",\"@id\":\"https:\/\/www.chateau-beaugency.com\/en\/#website\",\"url\":\"https:\/\/www.chateau-beaugency.com\/en\/\",\"name\":\"Ch\u00e2teau de Beaugency\",\"description\":\"Ch\u00e2teau de Lumi\u00e8res\",\"potentialAction\":[{\"@type\":\"SearchAction\",\"target\":{\"@type\":\"EntryPoint\",\"urlTemplate\":\"https:\/\/www.chateau-beaugency.com\/en\/?s={search_term_string}\"},\"query-input\":{\"@type\":\"PropertyValueSpecification\",\"valueRequired\":true,\"valueName\":\"search_term_string\"}}],\"inLanguage\":\"en-US\"}]}<\/script>\n<!-- \/ Yoast SEO plugin. -->","yoast_head_json":{"title":"Lumi\u00e8res de Loire - Ch\u00e2teau de Beaugency","description":"A night-time show for the whole family: light, digital art and heritage come together at the Ch\u00e2teau de Beaugency.","robots":{"index":"noindex","follow":"nofollow"},"og_locale":"en_US","og_type":"article","og_title":"Lumi\u00e8res de Loire - Ch\u00e2teau de Beaugency","og_description":"A night-time show for the whole family: light, digital art and heritage come together at the Ch\u00e2teau de Beaugency.","og_url":"https:\/\/www.chateau-beaugency.com\/en\/lumieres-de-loire\/","og_site_name":"Ch\u00e2teau de Beaugency","article_modified_time":"2025-07-01T12:41:36+00:00","og_image":[{"width":2560,"height":1707,"url":"https:\/\/www.chateau-beaugency.com\/wp-content\/uploads\/2025\/05\/Chateau-de-Beaugency-47-1-scaled.jpg","type":"image\/jpeg"}],"schema":{"@context":"https:\/\/schema.org","@graph":[{"@type":"WebPage","@id":"https:\/\/www.chateau-beaugency.com\/en\/lumieres-de-loire\/","url":"https:\/\/www.chateau-beaugency.com\/en\/lumieres-de-loire\/","name":"Lumi\u00e8res de Loire - Ch\u00e2teau de Beaugency","isPartOf":{"@id":"https:\/\/www.chateau-beaugency.com\/en\/#website"},"primaryImageOfPage":{"@id":"https:\/\/www.chateau-beaugency.com\/en\/lumieres-de-loire\/#primaryimage"},"image":{"@id":"https:\/\/www.chateau-beaugency.com\/en\/lumieres-de-loire\/#primaryimage"},"thumbnailUrl":"https:\/\/www.chateau-beaugency.com\/wp-content\/uploads\/2025\/05\/Chateau-de-Beaugency-47-1-scaled.jpg","datePublished":"2025-05-27T07:14:50+00:00","dateModified":"2025-07-01T12:41:36+00:00","description":"A night-time show for the whole family: light, digital art and heritage come together at the Ch\u00e2teau de Beaugency.","breadcrumb":{"@id":"https:\/\/www.chateau-beaugency.com\/en\/lumieres-de-loire\/#breadcrumb"},"inLanguage":"en-US","potentialAction":[{"@type":"ReadAction","target":["https:\/\/www.chateau-beaugency.com\/en\/lumieres-de-loire\/"]}]},{"@type":"ImageObject","inLanguage":"en-US","@id":"https:\/\/www.chateau-beaugency.com\/en\/lumieres-de-loire\/#primaryimage","url":"https:\/\/www.chateau-beaugency.com\/wp-content\/uploads\/2025\/05\/Chateau-de-Beaugency-47-1-scaled.jpg","contentUrl":"https:\/\/www.chateau-beaugency.com\/wp-content\/uploads\/2025\/05\/Chateau-de-Beaugency-47-1-scaled.jpg","width":2560,"height":1707},{"@type":"BreadcrumbList","@id":"https:\/\/www.chateau-beaugency.com\/en\/lumieres-de-loire\/#breadcrumb","itemListElement":[{"@type":"ListItem","position":1,"name":"Home","item":"https:\/\/www.chateau-beaugency.com\/en\/"},{"@type":"ListItem","position":2,"name":"Lumi\u00e8res de Loire"}]},{"@type":"WebSite","@id":"https:\/\/www.chateau-beaugency.com\/en\/#website","url":"https:\/\/www.chateau-beaugency.com\/en\/","name":"Ch\u00e2teau de Beaugency","description":"Ch\u00e2teau de Lumi\u00e8res","potentialAction":[{"@type":"SearchAction","target":{"@type":"EntryPoint","urlTemplate":"https:\/\/www.chateau-beaugency.com\/en\/?s={search_term_string}"},"query-input":{"@type":"PropertyValueSpecification","valueRequired":true,"valueName":"search_term_string"}}],"inLanguage":"en-US"}]}},"_links":{"self":[{"href":"https:\/\/www.chateau-beaugency.com\/en\/wp-json\/wp\/v2\/pages\/3809","targetHints":{"allow":["GET"]}}],"collection":[{"href":"https:\/\/www.chateau-beaugency.com\/en\/wp-json\/wp\/v2\/pages"}],"about":[{"href":"https:\/\/www.chateau-beaugency.com\/en\/wp-json\/wp\/v2\/types\/page"}],"author":[{"embeddable":true,"href":"https:\/\/www.chateau-beaugency.com\/en\/wp-json\/wp\/v2\/users\/2"}],"replies":[{"embeddable":true,"href":"https:\/\/www.chateau-beaugency.com\/en\/wp-json\/wp\/v2\/comments?post=3809"}],"version-history":[{"count":6,"href":"https:\/\/www.chateau-beaugency.com\/en\/wp-json\/wp\/v2\/pages\/3809\/revisions"}],"predecessor-version":[{"id":4339,"href":"https:\/\/www.chateau-beaugency.com\/en\/wp-json\/wp\/v2\/pages\/3809\/revisions\/4339"}],"wp:featuredmedia":[{"embeddable":true,"href":"https:\/\/www.chateau-beaugency.com\/en\/wp-json\/wp\/v2\/media\/3805"}],"wp:attachment":[{"href":"https:\/\/www.chateau-beaugency.com\/en\/wp-json\/wp\/v2\/media?parent=3809"}],"curies":[{"name":"wp","href":"https:\/\/api.w.org\/{rel}","templated":true}]}}