{"id":4196,"date":"2025-06-22T18:13:25","date_gmt":"2025-06-22T16:13:25","guid":{"rendered":"https:\/\/www.chateau-beaugency.com\/experiences\/"},"modified":"2025-07-01T09:40:49","modified_gmt":"2025-07-01T07:40:49","slug":"experiences","status":"publish","type":"page","link":"https:\/\/www.chateau-beaugency.com\/en\/experiences\/","title":{"rendered":"Experiences"},"content":{"rendered":"","protected":false},"excerpt":{"rendered":"","protected":false},"author":2,"featured_media":0,"parent":0,"menu_order":0,"comment_status":"closed","ping_status":"closed","template":"","meta":{"footnotes":""},"class_list":["post-4196","page","type-page","status-publish","hentry"],"yoast_head":"<!-- This site is optimized with the Yoast SEO plugin v26.2 - https:\/\/yoast.com\/wordpress\/plugins\/seo\/ -->\n<title>Experiences - Ch\u00e2teau de Beaugency<\/title>\n<meta name=\"description\" content=\"Discover all the new experiences at Ch\u00e2teau de Beaugency: immersive dinners, wellness, night at the ch\u00e2teau, boutique, events and more.\" \/>\n<meta name=\"robots\" content=\"index, follow, max-snippet:-1, max-image-preview:large, max-video-preview:-1\" \/>\n<link rel=\"canonical\" href=\"https:\/\/www.chateau-beaugency.com\/en\/experiences\/\" \/>\n<meta property=\"og:locale\" content=\"en_US\" \/>\n<meta property=\"og:type\" content=\"article\" \/>\n<meta property=\"og:title\" content=\"Experiences - Ch\u00e2teau de Beaugency\" \/>\n<meta property=\"og:description\" content=\"Discover all the new experiences at Ch\u00e2teau de Beaugency: immersive dinners, wellness, night at the ch\u00e2teau, boutique, events and more.\" \/>\n<meta property=\"og:url\" content=\"https:\/\/www.chateau-beaugency.com\/en\/experiences\/\" \/>\n<meta property=\"og:site_name\" content=\"Ch\u00e2teau de Beaugency\" \/>\n<meta property=\"article:modified_time\" content=\"2025-07-01T07:40:49+00:00\" \/>\n<script type=\"application\/ld+json\" class=\"yoast-schema-graph\">{\"@context\":\"https:\/\/schema.org\",\"@graph\":[{\"@type\":\"WebPage\",\"@id\":\"https:\/\/www.chateau-beaugency.com\/en\/experiences\/\",\"url\":\"https:\/\/www.chateau-beaugency.com\/en\/experiences\/\",\"name\":\"Experiences - Ch\u00e2teau de Beaugency\",\"isPartOf\":{\"@id\":\"https:\/\/www.chateau-beaugency.com\/en\/#website\"},\"datePublished\":\"2025-06-22T16:13:25+00:00\",\"dateModified\":\"2025-07-01T07:40:49+00:00\",\"description\":\"Discover all the new experiences at Ch\u00e2teau de Beaugency: immersive dinners, wellness, night at the ch\u00e2teau, boutique, events and more.\",\"breadcrumb\":{\"@id\":\"https:\/\/www.chateau-beaugency.com\/en\/experiences\/#breadcrumb\"},\"inLanguage\":\"en-US\",\"potentialAction\":[{\"@type\":\"ReadAction\",\"target\":[\"https:\/\/www.chateau-beaugency.com\/en\/experiences\/\"]}]},{\"@type\":\"BreadcrumbList\",\"@id\":\"https:\/\/www.chateau-beaugency.com\/en\/experiences\/#breadcrumb\",\"itemListElement\":[{\"@type\":\"ListItem\",\"position\":1,\"name\":\"Home\",\"item\":\"https:\/\/www.chateau-beaugency.com\/en\/\"},{\"@type\":\"ListItem\",\"position\":2,\"name\":\"Experiences\"}]},{\"@type\":\"WebSite\",\"@id\":\"https:\/\/www.chateau-beaugency.com\/en\/#website\",\"url\":\"https:\/\/www.chateau-beaugency.com\/en\/\",\"name\":\"Ch\u00e2teau de Beaugency\",\"description\":\"Ch\u00e2teau de Lumi\u00e8res\",\"potentialAction\":[{\"@type\":\"SearchAction\",\"target\":{\"@type\":\"EntryPoint\",\"urlTemplate\":\"https:\/\/www.chateau-beaugency.com\/en\/?s={search_term_string}\"},\"query-input\":{\"@type\":\"PropertyValueSpecification\",\"valueRequired\":true,\"valueName\":\"search_term_string\"}}],\"inLanguage\":\"en-US\"}]}<\/script>\n<!-- \/ Yoast SEO plugin. -->","yoast_head_json":{"title":"Experiences - Ch\u00e2teau de Beaugency","description":"Discover all the new experiences at Ch\u00e2teau de Beaugency: immersive dinners, wellness, night at the ch\u00e2teau, boutique, events and more.","robots":{"index":"index","follow":"follow","max-snippet":"max-snippet:-1","max-image-preview":"max-image-preview:large","max-video-preview":"max-video-preview:-1"},"canonical":"https:\/\/www.chateau-beaugency.com\/en\/experiences\/","og_locale":"en_US","og_type":"article","og_title":"Experiences - Ch\u00e2teau de Beaugency","og_description":"Discover all the new experiences at Ch\u00e2teau de Beaugency: immersive dinners, wellness, night at the ch\u00e2teau, boutique, events and more.","og_url":"https:\/\/www.chateau-beaugency.com\/en\/experiences\/","og_site_name":"Ch\u00e2teau de Beaugency","article_modified_time":"2025-07-01T07:40:49+00:00","schema":{"@context":"https:\/\/schema.org","@graph":[{"@type":"WebPage","@id":"https:\/\/www.chateau-beaugency.com\/en\/experiences\/","url":"https:\/\/www.chateau-beaugency.com\/en\/experiences\/","name":"Experiences - Ch\u00e2teau de Beaugency","isPartOf":{"@id":"https:\/\/www.chateau-beaugency.com\/en\/#website"},"datePublished":"2025-06-22T16:13:25+00:00","dateModified":"2025-07-01T07:40:49+00:00","description":"Discover all the new experiences at Ch\u00e2teau de Beaugency: immersive dinners, wellness, night at the ch\u00e2teau, boutique, events and more.","breadcrumb":{"@id":"https:\/\/www.chateau-beaugency.com\/en\/experiences\/#breadcrumb"},"inLanguage":"en-US","potentialAction":[{"@type":"ReadAction","target":["https:\/\/www.chateau-beaugency.com\/en\/experiences\/"]}]},{"@type":"BreadcrumbList","@id":"https:\/\/www.chateau-beaugency.com\/en\/experiences\/#breadcrumb","itemListElement":[{"@type":"ListItem","position":1,"name":"Home","item":"https:\/\/www.chateau-beaugency.com\/en\/"},{"@type":"ListItem","position":2,"name":"Experiences"}]},{"@type":"WebSite","@id":"https:\/\/www.chateau-beaugency.com\/en\/#website","url":"https:\/\/www.chateau-beaugency.com\/en\/","name":"Ch\u00e2teau de Beaugency","description":"Ch\u00e2teau de Lumi\u00e8res","potentialAction":[{"@type":"SearchAction","target":{"@type":"EntryPoint","urlTemplate":"https:\/\/www.chateau-beaugency.com\/en\/?s={search_term_string}"},"query-input":{"@type":"PropertyValueSpecification","valueRequired":true,"valueName":"search_term_string"}}],"inLanguage":"en-US"}]}},"_links":{"self":[{"href":"https:\/\/www.chateau-beaugency.com\/en\/wp-json\/wp\/v2\/pages\/4196","targetHints":{"allow":["GET"]}}],"collection":[{"href":"https:\/\/www.chateau-beaugency.com\/en\/wp-json\/wp\/v2\/pages"}],"about":[{"href":"https:\/\/www.chateau-beaugency.com\/en\/wp-json\/wp\/v2\/types\/page"}],"author":[{"embeddable":true,"href":"https:\/\/www.chateau-beaugency.com\/en\/wp-json\/wp\/v2\/users\/2"}],"replies":[{"embeddable":true,"href":"https:\/\/www.chateau-beaugency.com\/en\/wp-json\/wp\/v2\/comments?post=4196"}],"version-history":[{"count":3,"href":"https:\/\/www.chateau-beaugency.com\/en\/wp-json\/wp\/v2\/pages\/4196\/revisions"}],"predecessor-version":[{"id":4317,"href":"https:\/\/www.chateau-beaugency.com\/en\/wp-json\/wp\/v2\/pages\/4196\/revisions\/4317"}],"wp:attachment":[{"href":"https:\/\/www.chateau-beaugency.com\/en\/wp-json\/wp\/v2\/media?parent=4196"}],"curies":[{"name":"wp","href":"https:\/\/api.w.org\/{rel}","templated":true}]}}